{"id":18,"date":"2022-04-03T16:27:24","date_gmt":"2022-04-03T16:27:24","guid":{"rendered":"https:\/\/bei-luu.de\/?page_id=18"},"modified":"2022-12-31T11:12:26","modified_gmt":"2022-12-31T11:12:26","slug":"kontakt","status":"publish","type":"page","link":"https:\/\/bei-luu.de\/?page_id=18","title":{"rendered":"Kontakt &#038; Anfahrt"},"content":{"rendered":"\n<p><strong>Kontakt<\/strong><\/p>\n\n\n\n<figure class=\"wp-block-table\"><table><tbody><tr><td>Telefon:<\/td><td>+49 9331 &#8211; 80 26 26<\/td><\/tr><tr><td>Fax: <\/td><td>+49 9331 &#8211; 98 42 24 4<\/td><\/tr><\/tbody><\/table><\/figure>\n\n\n\n<hr class=\"wp-block-separator has-css-opacity\"\/>\n\n\n\n<p><strong>Anfahrt<\/strong><\/p>\n\n\n\n<p>Adresse: <\/p>\n\n\n\n<p><em>Hauptstra\u00dfe 5-7<\/em><br><em>97199 Ochsenfurt<\/em><\/p>\n\n\n\n<p>Wir liegen direkt im Zentrum der Ochsenfurter Altstadt, Sie erreichen uns durch \u00f6ffentliche Verkehrsmittel sowie zu Fu\u00df oder mit dem Auto.<\/p>\n\n\n\n<p><br><strong>\u00d6ffentliche Verkehrsmittel:<\/strong><\/p>\n\n\n\n<p><strong><br><\/strong><em>Bus:<\/em><br>Linie 555: W\u00fcrzburg &#8211; Eibelstadt &#8211; Sommerhausen &#8211; Ochsenfurt &#8211; Frickenhausen<\/p>\n\n\n\n<p><br><em>Zug<\/em>:<br>Hier finden Sie schnell verschiedene Verbindungen \u00fcber die App oder Homepage der Deutschen Bahn.<\/p>\n\n\n\n<div class=\"wp-block-webfactory-map\"><div class=\"wp-block-webfactory-map\"><iframe loading=\"lazy\" width=\"100%\" height=\"472px\" src=\"https:\/\/www.google.com\/maps\/embed\/v1\/place?q=Hauptstra%C3%9Fe%205-7%2097199&amp;maptype=roadmap&amp;zoom=16&amp;key=AIzaSyAjyDspiPfzEfjRSS5fQzm-3jHFjHxeXB4\" frameborder=\"0\"><\/iframe><\/div><\/div>\n\n\n\n<p><\/p>\n","protected":false},"excerpt":{"rendered":"<p>Kontakt Telefon: +49 9331 &#8211; 80 26 26 Fax: +49 9331 &#8211; 98 42 24 4 Anfahrt Adresse: Hauptstra\u00dfe 5-797199 Ochsenfurt Wir liegen direkt im Zentrum der Ochsenfurter Altstadt, Sie erreichen uns durch \u00f6ffentliche Verkehrsmittel sowie zu Fu\u00df oder mit dem Auto. \u00d6ffentliche Verkehrsmittel: Bus:Linie 555: W\u00fcrzburg &#8211; Eibelstadt &#8211; Sommerhausen &#8211; Ochsenfurt &#8211; Frickenhausen &hellip; <\/p>\n<p class=\"link-more\"><a href=\"https:\/\/bei-luu.de\/?page_id=18\" class=\"more-link\"><span class=\"screen-reader-text\">\u201eKontakt &#038; Anfahrt\u201c <\/span>weiterlesen<\/a><\/p>\n","protected":false},"author":1,"featured_media":0,"parent":0,"menu_order":0,"comment_status":"closed","ping_status":"closed","template":"","meta":{"footnotes":""},"class_list":["post-18","page","type-page","status-publish","hentry"],"_links":{"self":[{"href":"https:\/\/bei-luu.de\/index.php?rest_route=\/wp\/v2\/pages\/18","targetHints":{"allow":["GET"]}}],"collection":[{"href":"https:\/\/bei-luu.de\/index.php?rest_route=\/wp\/v2\/pages"}],"about":[{"href":"https:\/\/bei-luu.de\/index.php?rest_route=\/wp\/v2\/types\/page"}],"author":[{"embeddable":true,"href":"https:\/\/bei-luu.de\/index.php?rest_route=\/wp\/v2\/users\/1"}],"replies":[{"embeddable":true,"href":"https:\/\/bei-luu.de\/index.php?rest_route=%2Fwp%2Fv2%2Fcomments&post=18"}],"version-history":[{"count":12,"href":"https:\/\/bei-luu.de\/index.php?rest_route=\/wp\/v2\/pages\/18\/revisions"}],"predecessor-version":[{"id":353,"href":"https:\/\/bei-luu.de\/index.php?rest_route=\/wp\/v2\/pages\/18\/revisions\/353"}],"wp:attachment":[{"href":"https:\/\/bei-luu.de\/index.php?rest_route=%2Fwp%2Fv2%2Fmedia&parent=18"}],"curies":[{"name":"wp","href":"https:\/\/api.w.org\/{rel}","templated":true}]}}