{"id":16,"date":"2022-04-03T16:27:24","date_gmt":"2022-04-03T16:27:24","guid":{"rendered":"https:\/\/bei-luu.de\/?page_id=16"},"modified":"2022-12-31T11:05:04","modified_gmt":"2022-12-31T11:05:04","slug":"schoene-portfolios-fuer-aussergewoehnliche-kreative","status":"publish","type":"page","link":"https:\/\/bei-luu.de\/","title":{"rendered":"Herzlich Willkommen!"},"content":{"rendered":"\n<br>\n\n\n\n<p class=\"has-text-align-center\">Essen ist ein St\u00fcck Lebensfreude. <br>Im Alltag schenken wir diesem Aspekt manchmal zu wenig Aufmerksamkeit. Aber wer kennt sie nicht, die sch\u00f6nen Momente des Genie\u00dfens! Sich gemeinsam an einen Tisch zu setzen, ist ein Moment der Ruhe und Entspannung. Ein Restaurantbesuch bietet zudem den Luxus, sich ganz auf den Moment des Genie\u00dfens konzentrieren zu k\u00f6nnen. Aus dem Allt\u00e4glichen wird das Besondere. Wir laden Sie ein, sich das Besondere zu g\u00f6nnen.<\/p>\n\n\n\n<br>\n\n\n\n<hr class=\"wp-block-separator has-css-opacity is-style-wide\"\/>\n\n\n\n<br>\n\n\n\n<p class=\"has-text-align-center\"><strong class=\"Braille\">Preiswert  |  Frisch  |  Schmackhaft <\/strong><\/p>\n\n\n\n<p class=\"has-text-align-center\">Jedes Gericht wird einzeln im Wok speziell f\u00fcr Sie zubereitet.<br>Alle Gerichte auch zum Mitnehmen<\/p>\n\n\n\n<p class=\"has-text-align-center\"><em><mark style=\"background-color:rgba(0, 0, 0, 0)\" class=\"has-inline-color has-luminous-vivid-amber-color\"><strong>Reservierungen werden ausschlie\u00dflich telefonisch entgegengenommen.<\/strong><\/mark><\/em><br>Bitte beachten Sie, dass aufgrund des enormen Personalmangels Reservierungen f\u00fcr einen Besuch im Lokal zwingend erforderlich sind.<\/p>\n\n\n\n<p class=\"has-text-align-center\"><strong class=\"Braille\">Anrufen  |  Bestellen  |  Abholen<\/strong><\/p>\n","protected":false},"excerpt":{"rendered":"<p>Essen ist ein St\u00fcck Lebensfreude. Im Alltag schenken wir diesem Aspekt manchmal zu wenig Aufmerksamkeit. Aber wer kennt sie nicht, die sch\u00f6nen Momente des Genie\u00dfens! Sich gemeinsam an einen Tisch zu setzen, ist ein Moment der Ruhe und Entspannung. Ein Restaurantbesuch bietet zudem den Luxus, sich ganz auf den Moment des Genie\u00dfens konzentrieren zu k\u00f6nnen. &hellip; <\/p>\n<p class=\"link-more\"><a href=\"https:\/\/bei-luu.de\/\" class=\"more-link\"><span class=\"screen-reader-text\">\u201eHerzlich Willkommen!\u201c <\/span>weiterlesen<\/a><\/p>\n","protected":false},"author":1,"featured_media":0,"parent":0,"menu_order":0,"comment_status":"closed","ping_status":"closed","template":"","meta":{"footnotes":""},"class_list":["post-16","page","type-page","status-publish","hentry"],"_links":{"self":[{"href":"https:\/\/bei-luu.de\/index.php?rest_route=\/wp\/v2\/pages\/16","targetHints":{"allow":["GET"]}}],"collection":[{"href":"https:\/\/bei-luu.de\/index.php?rest_route=\/wp\/v2\/pages"}],"about":[{"href":"https:\/\/bei-luu.de\/index.php?rest_route=\/wp\/v2\/types\/page"}],"author":[{"embeddable":true,"href":"https:\/\/bei-luu.de\/index.php?rest_route=\/wp\/v2\/users\/1"}],"replies":[{"embeddable":true,"href":"https:\/\/bei-luu.de\/index.php?rest_route=%2Fwp%2Fv2%2Fcomments&post=16"}],"version-history":[{"count":26,"href":"https:\/\/bei-luu.de\/index.php?rest_route=\/wp\/v2\/pages\/16\/revisions"}],"predecessor-version":[{"id":364,"href":"https:\/\/bei-luu.de\/index.php?rest_route=\/wp\/v2\/pages\/16\/revisions\/364"}],"wp:attachment":[{"href":"https:\/\/bei-luu.de\/index.php?rest_route=%2Fwp%2Fv2%2Fmedia&parent=16"}],"curies":[{"name":"wp","href":"https:\/\/api.w.org\/{rel}","templated":true}]}}