{"id":113,"date":"2022-04-03T20:28:47","date_gmt":"2022-04-03T20:28:47","guid":{"rendered":"https:\/\/bei-luu.de\/?page_id=113"},"modified":"2024-02-16T11:06:13","modified_gmt":"2024-02-16T11:06:13","slug":"speisen-getraenke","status":"publish","type":"page","link":"https:\/\/bei-luu.de\/?page_id=113","title":{"rendered":"Speisekarte"},"content":{"rendered":"\n<div class=\"wp-block-group\"><div class=\"wp-block-group__inner-container is-layout-flow wp-block-group-is-layout-flow\">\n<p class=\"has-text-align-center\"><strong>Ein kleiner Vorgeschmack!<\/strong><br><br>Genie\u00dfen Sie unsere sorgf\u00e4ltig zubereiteten Gerichte nach originellen Rezepten! Selbstverst\u00e4ndlich verwenden wir nur frische Zutaten von bester Qualit\u00e4t. <br>Und damit sie sich noch mehr auf einen Besuch in unserem Restaurant freuen k\u00f6nnen, haben wir Ihnen hier einen Kleinen Auszug aus unserer Speisekarte zusammengestellt. Ob Vorfreude allerdings die sch\u00f6nste Freude ist? <br>\u00dcberzeugen Sie sich am Besten selbst davon. Auf Ihren Besuch freuen wir uns sehr.<br><\/p>\n<\/div><\/div>\n\n\n\n<p class=\"has-text-align-center\"><em><strong>Hier finden Sie unsere reichhaltige Speisekarte zum Download<\/strong><\/em><\/p>\n\n\n\n<div data-wp-interactive=\"core\/file\" class=\"wp-block-file\"><object data-wp-bind--hidden=\"!state.hasPdfPreview\" hidden class=\"wp-block-file__embed\" data=\"https:\/\/bei-luu.de\/wp-content\/uploads\/2024\/02\/Flyer_Luu_2024-2.pdf\" type=\"application\/pdf\" style=\"width:100%;height:600px\" aria-label=\"Einbettung von Flyer_Luu_2024-2.\"><\/object><a id=\"wp-block-file--media-d27ba85d-75c8-415a-a65e-b5ababf68f5a\" href=\"https:\/\/bei-luu.de\/wp-content\/uploads\/2024\/02\/Flyer_Luu_2024-2.pdf\">Flyer_Luu_2024-2<\/a><a href=\"https:\/\/bei-luu.de\/wp-content\/uploads\/2024\/02\/Flyer_Luu_2024-2.pdf\" class=\"wp-block-file__button wp-element-button\" download aria-describedby=\"wp-block-file--media-d27ba85d-75c8-415a-a65e-b5ababf68f5a\">Herunterladen<\/a><\/div>\n\n\n\n<p><\/p>\n","protected":false},"excerpt":{"rendered":"<p>Ein kleiner Vorgeschmack! Genie\u00dfen Sie unsere sorgf\u00e4ltig zubereiteten Gerichte nach originellen Rezepten! Selbstverst\u00e4ndlich verwenden wir nur frische Zutaten von bester Qualit\u00e4t. Und damit sie sich noch mehr auf einen Besuch in unserem Restaurant freuen k\u00f6nnen, haben wir Ihnen hier einen Kleinen Auszug aus unserer Speisekarte zusammengestellt. Ob Vorfreude allerdings die sch\u00f6nste Freude ist? \u00dcberzeugen Sie &hellip; <\/p>\n<p class=\"link-more\"><a href=\"https:\/\/bei-luu.de\/?page_id=113\" class=\"more-link\"><span class=\"screen-reader-text\">\u201eSpeisekarte\u201c <\/span>weiterlesen<\/a><\/p>\n","protected":false},"author":1,"featured_media":0,"parent":0,"menu_order":0,"comment_status":"closed","ping_status":"closed","template":"","meta":{"footnotes":""},"class_list":["post-113","page","type-page","status-publish","hentry"],"_links":{"self":[{"href":"https:\/\/bei-luu.de\/index.php?rest_route=\/wp\/v2\/pages\/113","targetHints":{"allow":["GET"]}}],"collection":[{"href":"https:\/\/bei-luu.de\/index.php?rest_route=\/wp\/v2\/pages"}],"about":[{"href":"https:\/\/bei-luu.de\/index.php?rest_route=\/wp\/v2\/types\/page"}],"author":[{"embeddable":true,"href":"https:\/\/bei-luu.de\/index.php?rest_route=\/wp\/v2\/users\/1"}],"replies":[{"embeddable":true,"href":"https:\/\/bei-luu.de\/index.php?rest_route=%2Fwp%2Fv2%2Fcomments&post=113"}],"version-history":[{"count":16,"href":"https:\/\/bei-luu.de\/index.php?rest_route=\/wp\/v2\/pages\/113\/revisions"}],"predecessor-version":[{"id":359,"href":"https:\/\/bei-luu.de\/index.php?rest_route=\/wp\/v2\/pages\/113\/revisions\/359"}],"wp:attachment":[{"href":"https:\/\/bei-luu.de\/index.php?rest_route=%2Fwp%2Fv2%2Fmedia&parent=113"}],"curies":[{"name":"wp","href":"https:\/\/api.w.org\/{rel}","templated":true}]}}